{"id":2,"date":"2025-11-11T15:55:15","date_gmt":"2025-11-11T15:55:15","guid":{"rendered":"https:\/\/mogensen.info\/?page_id=2"},"modified":"2025-11-18T09:54:10","modified_gmt":"2025-11-18T09:54:10","slug":"sample-page","status":"publish","type":"page","link":"https:\/\/mogensen.info\/","title":{"rendered":"Mogensen.info"},"content":{"rendered":"<p>[et_pb_section fb_built=&#8221;1&#8243; admin_label=&#8221;Header&#8221; _builder_version=&#8221;4.24.2&#8243; _module_preset=&#8221;default&#8221; width=&#8221;100%&#8221; min_height=&#8221;229.9px&#8221; custom_margin=&#8221;||2px|||&#8221; custom_padding=&#8221;|591px|3px|0px||&#8221; collapsed=&#8221;on&#8221; global_colors_info=&#8221;{}&#8221;][et_pb_row _builder_version=&#8221;4.27.4&#8243; _module_preset=&#8221;default&#8221; width=&#8221;100%&#8221; global_colors_info=&#8221;{}&#8221;][et_pb_column type=&#8221;4_4&#8243; _builder_version=&#8221;4.27.4&#8243; _module_preset=&#8221;default&#8221; global_colors_info=&#8221;{}&#8221;][et_pb_image src=&#8221;https:\/\/mogensen.info\/wp-content\/uploads\/2025\/11\/Mogenseninfo1.jpg&#8221; title_text=&#8221;Mogenseninfo1&#8243; _builder_version=&#8221;4.27.4&#8243; _module_preset=&#8221;default&#8221; width=&#8221;100%&#8221; custom_padding=&#8221;0px|24px||||&#8221; global_colors_info=&#8221;{}&#8221;][\/et_pb_image][\/et_pb_column][\/et_pb_row][\/et_pb_section][et_pb_section fb_built=&#8221;1&#8243; admin_label=&#8221;About&#8221; _builder_version=&#8221;4.24.2&#8243; _module_preset=&#8221;default&#8221; custom_margin=&#8221;-56px|||||&#8221; collapsed=&#8221;on&#8221; global_colors_info=&#8221;{}&#8221;][et_pb_row _builder_version=&#8221;4.24.2&#8243; _module_preset=&#8221;default&#8221; width=&#8221;90%&#8221; max_width=&#8221;2000px&#8221; global_colors_info=&#8221;{}&#8221;][et_pb_column type=&#8221;4_4&#8243; _builder_version=&#8221;4.24.2&#8243; _module_preset=&#8221;default&#8221; global_colors_info=&#8221;{}&#8221;][et_pb_text _builder_version=&#8221;4.24.2&#8243; _module_preset=&#8221;6b09c8f9-b1ba-4e30-9d5d-863155e293b4&#8243; global_colors_info=&#8221;{}&#8221;]<\/p>\n<h2>Kunnande &#8211; Erfarenhet &#8211; N\u00e4tverk<\/h2>\n<p>[\/et_pb_text][\/et_pb_column][\/et_pb_row][et_pb_row column_structure=&#8221;1_2,1_2&#8243; _builder_version=&#8221;4.24.2&#8243; _module_preset=&#8221;default&#8221; width=&#8221;90%&#8221; max_width=&#8221;2000px&#8221; custom_padding=&#8221;0px|||||&#8221; global_colors_info=&#8221;{}&#8221;][et_pb_column type=&#8221;1_2&#8243; _builder_version=&#8221;4.24.2&#8243; _module_preset=&#8221;default&#8221; global_colors_info=&#8221;{}&#8221;][et_pb_text _builder_version=&#8221;4.27.4&#8243; _module_preset=&#8221;d3b5d183-864a-42f5-8b34-cf3253761635&#8243; global_colors_info=&#8221;{}&#8221;]<\/p>\n<div data-id=\"CD2198EA-4759-4CF1-9889-5B9208E2E854\" data-kind=\"TEXT\" class=\"Preview_componentWrapper__2i4QI\">\n<div data-in-template=\"false\" data-id=\"CD2198EA-4759-4CF1-9889-5B9208E2E854\" data-kind=\"Component\" data-specific-kind=\"TEXT\" class=\" Preview_component__SbiKo text-align-null\">\n<div data-mve-font-change=\"0\" class=\"styles_contentContainer__lrPIa textnormal styles_text__3jGMu\">\n<p class=\"mobile-undersized-upper\"><span class=\"mobile-undersized-upper\">Jag har hj\u00e4lpt hundratals verksamheter med kommunikationen under mer \u00e4n tjugo \u00e5r. F\u00f6r att kvalificera mig till detta utbildade jag mig till civilekonom, arbetade i Schweiz, fortsatte i media f\u00f6r att slutligen bygga upp tv\u00e5 PR-byr\u00e5er som jag sedan s\u00e5lt av.<\/span><\/p>\n<p class=\"mobile-undersized-upper\"><span class=\"mobile-undersized-upper\"> <\/span><\/p>\n<p class=\"mobile-undersized-upper\"><span class=\"mobile-undersized-upper\">Under den resan har jag hj\u00e4lpt m\u00e5nga f\u00f6retag och organisationer att f\u00e5 ordning p\u00e5 sin kommunikation, sett till att den fungerat som ett viktigt instrument i kampen om uppm\u00e4rksamheten och f\u00f6r att bygga upp en stark, positiv bild av verksamheten.<\/span><\/p>\n<p class=\"mobile-undersized-upper\"><span class=\"mobile-undersized-upper\"> <\/span><\/p>\n<p class=\"mobile-undersized-upper\"><span class=\"mobile-undersized-upper\">Jag har ocks\u00e5 gjort en massa misstag. De har hj\u00e4lpt mig att komma vidare. De har l\u00e4rt mig gr\u00e4nserna och att gr\u00e4nserna f\u00f6r\u00e4ndras efterhand. F\u00f6r PR \u00e4r till st\u00f6rsta delen n\u00e5got som l\u00e4rs av praktiska erfarenheter, genom att pr\u00f6va nya id\u00e9er och nya tekniker. Men det \u00e4r enklare om du slipper g\u00f6ra dem sj\u00e4lv.<\/span><\/p>\n<\/div>\n<\/div>\n<\/div>\n<p>[\/et_pb_text][\/et_pb_column][et_pb_column type=&#8221;1_2&#8243; _builder_version=&#8221;4.24.2&#8243; _module_preset=&#8221;default&#8221; global_colors_info=&#8221;{}&#8221;][et_pb_image src=&#8221;https:\/\/mogensen.info\/wp-content\/uploads\/2025\/11\/IMG_1785.jpg&#8221; _builder_version=&#8221;4.27.4&#8243; _module_preset=&#8221;default&#8221; title_text=&#8221;IMG_1785&#8243; hover_enabled=&#8221;0&#8243; sticky_enabled=&#8221;0&#8243;][\/et_pb_image][\/et_pb_column][\/et_pb_row][\/et_pb_section][et_pb_section fb_built=&#8221;1&#8243; admin_label=&#8221;Full Width Image&#8221; _builder_version=&#8221;4.24.2&#8243; _module_preset=&#8221;default&#8221; custom_padding=&#8221;0px||0px||true|false&#8221; collapsed=&#8221;on&#8221; global_colors_info=&#8221;{}&#8221;][et_pb_row _builder_version=&#8221;4.24.2&#8243; _module_preset=&#8221;default&#8221; width=&#8221;100%&#8221; max_width=&#8221;none&#8221; custom_padding=&#8221;0px||0px||true|false&#8221; global_colors_info=&#8221;{}&#8221;][et_pb_column type=&#8221;4_4&#8243; _builder_version=&#8221;4.24.2&#8243; _module_preset=&#8221;default&#8221; global_colors_info=&#8221;{}&#8221;][et_pb_image src=&#8221;https:\/\/mogensen.info\/wp-content\/uploads\/2025\/11\/Huvudbild.jpg&#8221; title_text=&#8221;Huvudbild&#8221; force_fullwidth=&#8221;on&#8221; _builder_version=&#8221;4.27.4&#8243; _module_preset=&#8221;default&#8221; global_colors_info=&#8221;{}&#8221;][\/et_pb_image][\/et_pb_column][\/et_pb_row][\/et_pb_section][et_pb_section fb_built=&#8221;1&#8243; admin_label=&#8221;Footer&#8221; _builder_version=&#8221;4.24.2&#8243; _module_preset=&#8221;default&#8221; saved_tabs=&#8221;all&#8221; collapsed=&#8221;on&#8221; global_colors_info=&#8221;{}&#8221;][et_pb_row _builder_version=&#8221;4.24.2&#8243; _module_preset=&#8221;default&#8221; width=&#8221;90%&#8221; max_width=&#8221;none&#8221; locked=&#8221;off&#8221; global_colors_info=&#8221;{}&#8221;][et_pb_column type=&#8221;4_4&#8243; _builder_version=&#8221;4.24.2&#8243; _module_preset=&#8221;default&#8221; global_colors_info=&#8221;{}&#8221;][et_pb_text _builder_version=&#8221;4.24.2&#8243; _module_preset=&#8221;457bc198-6606-4287-bb0b-e65afc0dfbfc&#8221; header_2_font_size=&#8221;8vw&#8221; global_colors_info=&#8221;{}&#8221;]<\/p>\n<h2>Mogensen.info<\/h2>\n<p>[\/et_pb_text][\/et_pb_column][\/et_pb_row][et_pb_row column_structure=&#8221;1_4,1_4,1_4,1_4&#8243; _builder_version=&#8221;4.24.2&#8243; _module_preset=&#8221;default&#8221; width=&#8221;90%&#8221; max_width=&#8221;none&#8221; locked=&#8221;off&#8221; global_colors_info=&#8221;{}&#8221;][et_pb_column type=&#8221;1_4&#8243; _builder_version=&#8221;4.24.2&#8243; _module_preset=&#8221;default&#8221; global_colors_info=&#8221;{}&#8221;][et_pb_text _builder_version=&#8221;4.27.4&#8243; _module_preset=&#8221;0b71bb79-bf16-4c83-be7a-d7f3fabc85fd&#8221; header_4_text_color=&#8221;gcid-026ff79c-cfbd-4464-8301-81adff325a85&#8243; custom_margin=&#8221;||0px||false|false&#8221; global_colors_info=&#8221;{%22gcid-026ff79c-cfbd-4464-8301-81adff325a85%22:%91%22header_4_text_color%22%93}&#8221;]<\/p>\n<h4><span class=\"prefix\">Telefon<\/span><\/h4>\n<p>[\/et_pb_text][et_pb_text _builder_version=&#8221;4.27.4&#8243; _module_preset=&#8221;e7dd432f-ecbc-401b-ac66-d58a01dd1ef8&#8243; text_text_color=&#8221;#000000&#8243; link_text_color=&#8221;#000000&#8243; custom_margin=&#8221;||10px||false|false&#8221; global_colors_info=&#8221;{}&#8221;]<\/p>\n<div>\n<div class=\"textnormal\"><span class=\"prefix\">\u00a0<\/span><a class=\"textnormal\" href=\"tel:+46 708 184298\"><span>+46\u00a0708\u00a0184298<\/span><\/a><\/div>\n<\/div>\n<p>[\/et_pb_text][\/et_pb_column][et_pb_column type=&#8221;1_4&#8243; _builder_version=&#8221;4.24.2&#8243; _module_preset=&#8221;default&#8221; global_colors_info=&#8221;{}&#8221;][et_pb_text _builder_version=&#8221;4.27.4&#8243; _module_preset=&#8221;0b71bb79-bf16-4c83-be7a-d7f3fabc85fd&#8221; header_4_text_color=&#8221;gcid-026ff79c-cfbd-4464-8301-81adff325a85&#8243; custom_margin=&#8221;||0px||false|false&#8221; global_colors_info=&#8221;{%22gcid-026ff79c-cfbd-4464-8301-81adff325a85%22:%91%22header_4_text_color%22%93}&#8221;]<\/p>\n<h4><span class=\"prefix\">E-post<\/span><\/h4>\n<p>[\/et_pb_text][et_pb_text _builder_version=&#8221;4.27.4&#8243; _module_preset=&#8221;e7dd432f-ecbc-401b-ac66-d58a01dd1ef8&#8243; text_text_color=&#8221;#000000&#8243; link_text_color=&#8221;#000000&#8243; custom_margin=&#8221;||10px||false|false&#8221; global_colors_info=&#8221;{}&#8221;]<\/p>\n<div>\n<div class=\"textnormal\"><a class=\"textnormal\" href=\"mailto:bjorn.mogensen@mogensen.info\"><span>bjorn.mogensen@mogensen.info<\/span><\/a><\/div>\n<\/div>\n<p>[\/et_pb_text][\/et_pb_column][et_pb_column type=&#8221;1_4&#8243; _builder_version=&#8221;4.24.2&#8243; _module_preset=&#8221;default&#8221; global_colors_info=&#8221;{}&#8221;][et_pb_text _builder_version=&#8221;4.27.4&#8243; _module_preset=&#8221;0b71bb79-bf16-4c83-be7a-d7f3fabc85fd&#8221; header_4_text_color=&#8221;gcid-026ff79c-cfbd-4464-8301-81adff325a85&#8243; custom_margin=&#8221;||0px||false|false&#8221; global_colors_info=&#8221;{%22gcid-026ff79c-cfbd-4464-8301-81adff325a85%22:%91%22header_4_text_color%22%93}&#8221;]<\/p>\n<h4>Follow<\/h4>\n<p>[\/et_pb_text][et_pb_text _builder_version=&#8221;4.27.4&#8243; _module_preset=&#8221;e7dd432f-ecbc-401b-ac66-d58a01dd1ef8&#8243; text_text_color=&#8221;#000000&#8243; link_text_color=&#8221;#000000&#8243; custom_margin=&#8221;||10px||false|false&#8221; global_colors_info=&#8221;{}&#8221;]<\/p>\n<p><a href=\"https:\/\/se.linkedin.com\/in\/bjornmogensen\/sv\">LinkedIn<\/a><\/p>\n<p>[\/et_pb_text][\/et_pb_column][et_pb_column type=&#8221;1_4&#8243; _builder_version=&#8221;4.24.2&#8243; _module_preset=&#8221;default&#8221; global_colors_info=&#8221;{}&#8221;][et_pb_text _builder_version=&#8221;4.27.4&#8243; _dynamic_attributes=&#8221;content&#8221; _module_preset=&#8221;e7dd432f-ecbc-401b-ac66-d58a01dd1ef8&#8243; text_text_color=&#8221;#000000&#8243; link_text_color=&#8221;#000000&#8243; global_colors_info=&#8221;{}&#8221;]@ET-DC@eyJkeW5hbWljIjp0cnVlLCJjb250ZW50IjoiY3VycmVudF9kYXRlIiwic2V0dGluZ3MiOnsiYmVmb3JlIjoiQ29weXJpZ2h0ICZjb3B5OyAiLCJhZnRlciI6IiBEaXZpLiBBbGwgUmlnaHRzIFJlc2VydmVkLiIsImRhdGVfZm9ybWF0IjoiY3VzdG9tIiwiY3VzdG9tX2RhdGVfZm9ybWF0IjoiWSJ9fQ==@[\/et_pb_text][\/et_pb_column][\/et_pb_row][\/et_pb_section]<\/p>\n","protected":false},"excerpt":{"rendered":"<p>Kunnande &#8211; Erfarenhet &#8211; N\u00e4tverk Jag har hj\u00e4lpt hundratals verksamheter med kommunikationen under mer \u00e4n tjugo \u00e5r. F\u00f6r att kvalificera mig till detta utbildade jag mig till civilekonom, arbetade i Schweiz, fortsatte i media f\u00f6r att slutligen bygga upp tv\u00e5 PR-byr\u00e5er som jag sedan s\u00e5lt av. Under den resan har jag hj\u00e4lpt m\u00e5nga f\u00f6retag och [&hellip;]<\/p>\n","protected":false},"author":1,"featured_media":0,"parent":0,"menu_order":0,"comment_status":"closed","ping_status":"open","template":"","meta":{"_et_pb_use_builder":"on","_et_pb_old_content":"<!-- wp:paragraph -->\n<p>This is an example page. It's different from a blog post because it will stay in one place and will show up in your site navigation (in most themes). Most people start with an About page that introduces them to potential site visitors. It might say something like this:<\/p>\n<!-- \/wp:paragraph -->\n\n<!-- wp:quote -->\n<blockquote class=\"wp-block-quote\"><p>Hi there! I'm a bike messenger by day, aspiring actor by night, and this is my website. I live in Los Angeles, have a great dog named Jack, and I like pi&#241;a coladas. (And gettin' caught in the rain.)<\/p><\/blockquote>\n<!-- \/wp:quote -->\n\n<!-- wp:paragraph -->\n<p>...or something like this:<\/p>\n<!-- \/wp:paragraph -->\n\n<!-- wp:quote -->\n<blockquote class=\"wp-block-quote\"><p>The XYZ Doohickey Company was founded in 1971, and has been providing quality doohickeys to the public ever since. Located in Gotham City, XYZ employs over 2,000 people and does all kinds of awesome things for the Gotham community.<\/p><\/blockquote>\n<!-- \/wp:quote -->\n\n<!-- wp:paragraph -->\n<p>As a new WordPress user, you should go to <a href=\"https:\/\/mogensen.info\/wp-admin\/\">your dashboard<\/a> to delete this page and create new pages for your content. Have fun!<\/p>\n<!-- \/wp:paragraph -->","_et_gb_content_width":"","footnotes":""},"class_list":["post-2","page","type-page","status-publish","hentry"],"_links":{"self":[{"href":"https:\/\/mogensen.info\/index.php?rest_route=\/wp\/v2\/pages\/2","targetHints":{"allow":["GET"]}}],"collection":[{"href":"https:\/\/mogensen.info\/index.php?rest_route=\/wp\/v2\/pages"}],"about":[{"href":"https:\/\/mogensen.info\/index.php?rest_route=\/wp\/v2\/types\/page"}],"author":[{"embeddable":true,"href":"https:\/\/mogensen.info\/index.php?rest_route=\/wp\/v2\/users\/1"}],"replies":[{"embeddable":true,"href":"https:\/\/mogensen.info\/index.php?rest_route=%2Fwp%2Fv2%2Fcomments&post=2"}],"version-history":[{"count":8,"href":"https:\/\/mogensen.info\/index.php?rest_route=\/wp\/v2\/pages\/2\/revisions"}],"predecessor-version":[{"id":70,"href":"https:\/\/mogensen.info\/index.php?rest_route=\/wp\/v2\/pages\/2\/revisions\/70"}],"wp:attachment":[{"href":"https:\/\/mogensen.info\/index.php?rest_route=%2Fwp%2Fv2%2Fmedia&parent=2"}],"curies":[{"name":"wp","href":"https:\/\/api.w.org\/{rel}","templated":true}]}}